{"id":1367,"date":"2016-02-12T07:54:41","date_gmt":"2016-02-12T07:54:41","guid":{"rendered":"http:\/\/demos.famethemes.com\/onepress\/?page_id=4"},"modified":"2025-11-25T20:59:12","modified_gmt":"2025-11-25T19:59:12","slug":"home","status":"publish","type":"page","link":"https:\/\/virtuo.sk\/en\/","title":{"rendered":"Home"},"content":{"rendered":"","protected":false},"excerpt":{"rendered":"","protected":false},"author":2,"featured_media":0,"parent":0,"menu_order":0,"comment_status":"closed","ping_status":"closed","template":"template-frontpage.php","meta":{"om_disable_all_campaigns":false,"_monsterinsights_skip_tracking":false,"_monsterinsights_sitenote_active":false,"_monsterinsights_sitenote_note":"","_monsterinsights_sitenote_category":0,"_uf_show_specific_survey":0,"_uf_disable_surveys":false,"pgc_sgb_lightbox_settings":""},"aioseo_notices":[],"yoast_head":"<!-- This site is optimized with the Yoast SEO plugin v20.6 - https:\/\/yoast.com\/wordpress\/plugins\/seo\/ -->\n<title>VIRTUO - Ambulancia klinickej psychol\u00f3gie<\/title>\n<meta name=\"description\" content=\"Ambulancia klinickej psychol\u00f3gie v Nitre. Psychoterapia, klinick\u00e1 psychodiagnostika, VR terapia, lie\u010dba \u00fazkosti, paniky, f\u00f3bi\u00ed a stresu pon\u00fakan\u00e1 modern\u00fdm sp\u00f4sobom. Online sedenia mo\u017en\u00e9.\" \/>\n<meta name=\"robots\" content=\"index, follow, max-snippet:-1, max-image-preview:large, max-video-preview:-1\" \/>\n<link rel=\"canonical\" href=\"https:\/\/virtuo.sk\/en\/\" \/>\n<meta property=\"og:locale\" content=\"en_GB\" \/>\n<meta property=\"og:type\" content=\"article\" \/>\n<meta property=\"og:title\" content=\"VIRTUO - Nov\u00e1 cesta k zdraviu\" \/>\n<meta property=\"og:description\" content=\"Vo VIRTUO sa \u0161pecializujeme na redukciu f\u00f3bi\u00ed, \u00fazkosti a paniky pomocou virtu\u00e1lnej reality. Poskytovan\u00edm inform\u00e1ci\u00ed o efekt\u00edvnych met\u00f3dach a zapojen\u00edm inovat\u00edvnej technol\u00f3gie V\u00e1m pom\u00f4\u017eeme prech\u00e1dza\u0165 ka\u017edodenn\u00fdm \u017eivotom v\u00fdrazne uvo\u013enenej\u0161ie u\u017e po p\u00e1r sedeniach.\" \/>\n<meta property=\"og:url\" content=\"https:\/\/virtuo.sk\/en\/\" \/>\n<meta property=\"og:site_name\" content=\"VIRTUO\" \/>\n<meta property=\"article:publisher\" content=\"https:\/\/www.facebook.com\/VIRTUO-110604190736597\/\" \/>\n<meta property=\"article:modified_time\" content=\"2025-11-25T19:59:12+00:00\" \/>\n<meta property=\"og:image\" content=\"https:\/\/virtuo.sk\/wp-content\/uploads\/2020\/09\/Virtuo_Logo-SEO.jpg\" \/>\n\t<meta property=\"og:image:width\" content=\"1920\" \/>\n\t<meta property=\"og:image:height\" content=\"1080\" \/>\n\t<meta property=\"og:image:type\" content=\"image\/jpeg\" \/>\n<meta name=\"twitter:card\" content=\"summary_large_image\" \/>\n<script type=\"application\/ld+json\" class=\"yoast-schema-graph\">{\"@context\":\"https:\/\/schema.org\",\"@graph\":[{\"@type\":[\"WebPage\",\"MedicalWebPage\"],\"@id\":\"https:\/\/virtuo.sk\/\",\"url\":\"https:\/\/virtuo.sk\/\",\"name\":\"VIRTUO - Ambulancia klinickej psychol\u00f3gie\",\"isPartOf\":{\"@id\":\"https:\/\/virtuo.sk\/#website\"},\"datePublished\":\"2016-02-12T07:54:41+00:00\",\"dateModified\":\"2025-11-25T19:59:12+00:00\",\"description\":\"Ambulancia klinickej psychol\u00f3gie v Nitre. Psychoterapia, klinick\u00e1 psychodiagnostika, VR terapia, lie\u010dba \u00fazkosti, paniky, f\u00f3bi\u00ed a stresu pon\u00fakan\u00e1 modern\u00fdm sp\u00f4sobom. Online sedenia mo\u017en\u00e9.\",\"breadcrumb\":{\"@id\":\"https:\/\/virtuo.sk\/#breadcrumb\"},\"inLanguage\":\"en-GB\",\"potentialAction\":[{\"@type\":\"ReadAction\",\"target\":[\"https:\/\/virtuo.sk\/\"]}]},{\"@type\":\"BreadcrumbList\",\"@id\":\"https:\/\/virtuo.sk\/#breadcrumb\",\"itemListElement\":[{\"@type\":\"ListItem\",\"position\":1,\"name\":\"Home\",\"item\":\"https:\/\/virtuo.sk\/\"},{\"@type\":\"ListItem\",\"position\":2,\"name\":\"Home\"}]},{\"@type\":\"WebSite\",\"@id\":\"https:\/\/virtuo.sk\/#website\",\"url\":\"https:\/\/virtuo.sk\/\",\"name\":\"VIRTUO\",\"description\":\"Ambulancia klinickej psychol\u00f3gie\",\"publisher\":{\"@id\":\"https:\/\/virtuo.sk\/#organization\"},\"potentialAction\":[{\"@type\":\"SearchAction\",\"target\":{\"@type\":\"EntryPoint\",\"urlTemplate\":\"https:\/\/virtuo.sk\/?s={search_term_string}\"},\"query-input\":\"required name=search_term_string\"}],\"inLanguage\":\"en-GB\"},{\"@type\":\"Organization\",\"@id\":\"https:\/\/virtuo.sk\/#organization\",\"name\":\"VIRTUO\",\"url\":\"https:\/\/virtuo.sk\/\",\"logo\":{\"@type\":\"ImageObject\",\"inLanguage\":\"en-GB\",\"@id\":\"https:\/\/virtuo.sk\/#\/schema\/logo\/image\/\",\"url\":\"https:\/\/virtuo.sk\/wp-content\/uploads\/2020\/09\/plus.png\",\"contentUrl\":\"https:\/\/virtuo.sk\/wp-content\/uploads\/2020\/09\/plus.png\",\"width\":102,\"height\":102,\"caption\":\"VIRTUO\"},\"image\":{\"@id\":\"https:\/\/virtuo.sk\/#\/schema\/logo\/image\/\"},\"sameAs\":[\"https:\/\/www.facebook.com\/VIRTUO-110604190736597\/\",\"https:\/\/www.linkedin.com\/in\/martin-polak-a8589891\/\",\"https:\/\/www.instagram.com\/virtuo.sk\/\"]}]}<\/script>\n<!-- \/ Yoast SEO plugin. -->","yoast_head_json":{"title":"VIRTUO - Ambulancia klinickej psychol\u00f3gie","description":"Ambulancia klinickej psychol\u00f3gie v Nitre. Psychoterapia, klinick\u00e1 psychodiagnostika, VR terapia, lie\u010dba \u00fazkosti, paniky, f\u00f3bi\u00ed a stresu pon\u00fakan\u00e1 modern\u00fdm sp\u00f4sobom. Online sedenia mo\u017en\u00e9.","robots":{"index":"index","follow":"follow","max-snippet":"max-snippet:-1","max-image-preview":"max-image-preview:large","max-video-preview":"max-video-preview:-1"},"canonical":"https:\/\/virtuo.sk\/en\/","og_locale":"en_GB","og_type":"article","og_title":"VIRTUO - Nov\u00e1 cesta k zdraviu","og_description":"Vo VIRTUO sa \u0161pecializujeme na redukciu f\u00f3bi\u00ed, \u00fazkosti a paniky pomocou virtu\u00e1lnej reality. Poskytovan\u00edm inform\u00e1ci\u00ed o efekt\u00edvnych met\u00f3dach a zapojen\u00edm inovat\u00edvnej technol\u00f3gie V\u00e1m pom\u00f4\u017eeme prech\u00e1dza\u0165 ka\u017edodenn\u00fdm \u017eivotom v\u00fdrazne uvo\u013enenej\u0161ie u\u017e po p\u00e1r sedeniach.","og_url":"https:\/\/virtuo.sk\/en\/","og_site_name":"VIRTUO","article_publisher":"https:\/\/www.facebook.com\/VIRTUO-110604190736597\/","article_modified_time":"2025-11-25T19:59:12+00:00","og_image":[{"width":1920,"height":1080,"url":"https:\/\/virtuo.sk\/wp-content\/uploads\/2020\/09\/Virtuo_Logo-SEO.jpg","type":"image\/jpeg"}],"twitter_card":"summary_large_image","schema":{"@context":"https:\/\/schema.org","@graph":[{"@type":["WebPage","MedicalWebPage"],"@id":"https:\/\/virtuo.sk\/","url":"https:\/\/virtuo.sk\/","name":"VIRTUO - Ambulancia klinickej psychol\u00f3gie","isPartOf":{"@id":"https:\/\/virtuo.sk\/#website"},"datePublished":"2016-02-12T07:54:41+00:00","dateModified":"2025-11-25T19:59:12+00:00","description":"Ambulancia klinickej psychol\u00f3gie v Nitre. Psychoterapia, klinick\u00e1 psychodiagnostika, VR terapia, lie\u010dba \u00fazkosti, paniky, f\u00f3bi\u00ed a stresu pon\u00fakan\u00e1 modern\u00fdm sp\u00f4sobom. Online sedenia mo\u017en\u00e9.","breadcrumb":{"@id":"https:\/\/virtuo.sk\/#breadcrumb"},"inLanguage":"en-GB","potentialAction":[{"@type":"ReadAction","target":["https:\/\/virtuo.sk\/"]}]},{"@type":"BreadcrumbList","@id":"https:\/\/virtuo.sk\/#breadcrumb","itemListElement":[{"@type":"ListItem","position":1,"name":"Home","item":"https:\/\/virtuo.sk\/"},{"@type":"ListItem","position":2,"name":"Home"}]},{"@type":"WebSite","@id":"https:\/\/virtuo.sk\/#website","url":"https:\/\/virtuo.sk\/","name":"VIRTUO","description":"Ambulancia klinickej psychol\u00f3gie","publisher":{"@id":"https:\/\/virtuo.sk\/#organization"},"potentialAction":[{"@type":"SearchAction","target":{"@type":"EntryPoint","urlTemplate":"https:\/\/virtuo.sk\/?s={search_term_string}"},"query-input":"required name=search_term_string"}],"inLanguage":"en-GB"},{"@type":"Organization","@id":"https:\/\/virtuo.sk\/#organization","name":"VIRTUO","url":"https:\/\/virtuo.sk\/","logo":{"@type":"ImageObject","inLanguage":"en-GB","@id":"https:\/\/virtuo.sk\/#\/schema\/logo\/image\/","url":"https:\/\/virtuo.sk\/wp-content\/uploads\/2020\/09\/plus.png","contentUrl":"https:\/\/virtuo.sk\/wp-content\/uploads\/2020\/09\/plus.png","width":102,"height":102,"caption":"VIRTUO"},"image":{"@id":"https:\/\/virtuo.sk\/#\/schema\/logo\/image\/"},"sameAs":["https:\/\/www.facebook.com\/VIRTUO-110604190736597\/","https:\/\/www.linkedin.com\/in\/martin-polak-a8589891\/","https:\/\/www.instagram.com\/virtuo.sk\/"]}]}},"_links":{"self":[{"href":"https:\/\/virtuo.sk\/en\/wp-json\/wp\/v2\/pages\/1367"}],"collection":[{"href":"https:\/\/virtuo.sk\/en\/wp-json\/wp\/v2\/pages"}],"about":[{"href":"https:\/\/virtuo.sk\/en\/wp-json\/wp\/v2\/types\/page"}],"author":[{"embeddable":true,"href":"https:\/\/virtuo.sk\/en\/wp-json\/wp\/v2\/users\/2"}],"replies":[{"embeddable":true,"href":"https:\/\/virtuo.sk\/en\/wp-json\/wp\/v2\/comments?post=1367"}],"version-history":[{"count":1,"href":"https:\/\/virtuo.sk\/en\/wp-json\/wp\/v2\/pages\/1367\/revisions"}],"predecessor-version":[{"id":1448,"href":"https:\/\/virtuo.sk\/en\/wp-json\/wp\/v2\/pages\/1367\/revisions\/1448"}],"wp:attachment":[{"href":"https:\/\/virtuo.sk\/en\/wp-json\/wp\/v2\/media?parent=1367"}],"curies":[{"name":"wp","href":"https:\/\/api.w.org\/{rel}","templated":true}]}}