{"id":1784,"date":"2020-07-13T12:53:21","date_gmt":"2020-07-13T10:53:21","guid":{"rendered":"https:\/\/virtuo.sk\/?page_id=1784"},"modified":"2021-03-18T12:26:15","modified_gmt":"2021-03-18T11:26:15","slug":"strach-z-pavukov-arachnofobia","status":"publish","type":"page","link":"https:\/\/virtuo.sk\/en\/strach-z-pavukov-arachnofobia\/","title":{"rendered":"Arachnophobia \/ fear of spiders"},"content":{"rendered":"<h2>What is arachnophobia?<\/h2>\n\n\n\n<p><em>Arachnophobia<\/em> alebo aj nadmern\u00fd a iracion\u00e1lny strach z pav\u00fakov, je jedn\u00fdm z najbe\u017enej\u0161\u00edch typov \u0161pecifick\u00fdch f\u00f3bi\u00ed. Aj ke\u010f s\u00fa dospel\u00ed jednotlivci trpiaci arachnof\u00f3biou schopn\u00ed rozpozna\u0165, \u017ee ich strach z pav\u00fakov je nadmern\u00fd, deti tento rozdiel poveda\u0165 nevedia. Pr\u00edznaky typick\u00e9 pre arachnof\u00f3biu vo v\u00e4\u010d\u0161ine pr\u00edpadov nast\u00e1vaj\u00fa pri zhliadnut\u00ed pav\u00faka, alebo aj v\u0161etk\u00e9ho \u010do nazna\u010duje, \u017ee by pav\u00fak mohol by\u0165 nabl\u00edzku. Tieto pr\u00edznaky m\u00f4\u017eu zah\u0155\u0148a\u0165 nadmern\u00fd strach z uhryznutia alebo otr\u00e1venia pav\u00fakom, intenz\u00edvnu \u00fazkos\u0165, z\u00e1chvaty paniky, mdloby, zvracanie alebo stratu kontroly nad mo\u010dov\u00fdm mech\u00farom. Ako d\u00f4sledok sa postihnut\u00ed za\u010dn\u00fa vyh\u00fdba\u0165 predpokladan\u00fdm miestam v\u00fdskytu pav\u00fakov, ako s\u00fa z\u00e1hrady, pivnice, alebo k\u00faty.<\/p>\n\n\n\n<h2>What are the causes of arachnophobia?<\/h2>\n\n\n\n<p>Rovnako ako u in\u00fdch f\u00f3bi\u00ed, aj arachnof\u00f3bia sa m\u00f4\u017ee u \u010dloveka vyvin\u00fa\u0165 v d\u00f4sledku observa\u010dn\u00e9ho u\u010denia. Ak s\u00fa napr\u00edklad mal\u00e9 deti svedkami situ\u00e1ci\u00ed, kedy rodi\u010dia pri kontakte s pav\u00fakmi kri\u010dia alebo utekaj\u00fa pre\u010d, zanech\u00e1 to v nich siln\u00fd dojem. Niektor\u00ed odborn\u00edci sa domnievaj\u00fa, \u017ee strach z pav\u00fakov je ovplyv\u0148ovan\u00fd aj kult\u00farnym priestorom. Aj ke\u010f sa napr\u00edklad niektor\u00fdch oblastiach Afriky \u013eudia ve\u013ek\u00fdch pav\u00fakov ob\u00e1vaj\u00fa, v ju\u017enej Afrike s\u00fa s\u00fa\u010das\u0165ou jed\u00e1lni\u010dka. A v takej Kambod\u017ei patria pav\u00faky k n\u00e1rodn\u00e9mu jedlu. Ak m\u00e1te traumatick\u00fa sk\u00fasenos\u0165 s pav\u00fakom a za\u017eili ste napr\u00edklad uhryznutie, je tie\u017e pravdepodobnej\u0161ie, \u017ee sa u v\u00e1s vyvinie arachnof\u00f3bia.<\/p>\n\n\n\n<h2>How can arachnophobia be reduced?<\/h2>\n\n\n\n<p>Vo VIRTUO poskytujeme klientom r\u00fdchlu \u00fa\u013eavu od nadmern\u00e9ho strachu z pav\u00fakov. Vyu\u017e\u00edvame pri tom najefekt\u00edvnej\u0161ie met\u00f3dy overen\u00e9 vedeck\u00fdm v\u00fdskumom a praxou. Poskytovan\u00edm inform\u00e1ci\u00ed o d\u00f4le\u017eit\u00fdch procesoch v \u013eudskom organizme a zapojen\u00edm inovat\u00edvnej technol\u00f3gie virtu\u00e1lnej reality V\u00e1m pom\u00f4\u017eeme z\u00edska\u0165 kontrolu nad Va\u0161im strachom u\u017e po p\u00e1r sedeniach.<\/p>\n\n\n\n<p>An important step on your new path to health is to realize that all physiological and psychological reactions in your body follow certain patterns. These patterns can be changed positively. Avoidant behavior is a habit that can be unlearned, too. In addition, you will acquire effective strategies that help you respond more calmly during unpleasant situations. Over the course of your sessions at VIRTUO, you gradually learn that anxiety-provoking situations are less dangerous than what they seem.<\/p>\n\n\n\n<p>Findings from scientific research confirm that the sooner the affected individuals begin treatment, the more likely they are to get rid of this condition permanently.<\/p>\n\n\n\n<p><strong><a href=\"https:\/\/virtuo.sk\/en\/#kontakt\" target=\"_blank\" rel=\"noreferrer noopener\"><span class=\"has-inline-color has-very-dark-gray-color\">Nev\u00e1hajte a kontaktujte n\u00e1s hne\u010f.<\/span><\/a><\/strong>\u00a0<\/p>","protected":false},"excerpt":{"rendered":"<p>Arachnophobia or fear of spiders refers to an exaggerated fear of situations with a possibility of contact with<\/p>","protected":false},"author":1,"featured_media":0,"parent":0,"menu_order":0,"comment_status":"closed","ping_status":"closed","template":"","meta":{"om_disable_all_campaigns":false,"_monsterinsights_skip_tracking":false,"_monsterinsights_sitenote_active":false,"_monsterinsights_sitenote_note":"","_monsterinsights_sitenote_category":0,"_uf_show_specific_survey":0,"_uf_disable_surveys":false,"pgc_sgb_lightbox_settings":""},"aioseo_notices":[],"yoast_head":"<!-- This site is optimized with the Yoast SEO plugin v20.6 - https:\/\/yoast.com\/wordpress\/plugins\/seo\/ -->\n<title>VIRTUO - Arachnof\u00f3bia \/ strach z\u00a0pav\u00fakov<\/title>\n<meta name=\"robots\" content=\"index, follow, max-snippet:-1, max-image-preview:large, max-video-preview:-1\" \/>\n<link rel=\"canonical\" href=\"https:\/\/virtuo.sk\/en\/strach-z-pavukov-arachnofobia\/\" \/>\n<meta property=\"og:locale\" content=\"en_GB\" \/>\n<meta property=\"og:type\" content=\"article\" \/>\n<meta property=\"og:title\" content=\"VIRTUO - Arachnof\u00f3bia \/ strach z\u00a0pav\u00fakov\" \/>\n<meta property=\"og:description\" content=\"Arachnof\u00f3bia alebo strach z pav\u00fakov ozna\u010duje prehnan\u00fd strach zo situ\u00e1ci\u00ed, kde hroz\u00ed kontakt s pav\u00fakom. T\u00fdmto\" \/>\n<meta property=\"og:url\" content=\"https:\/\/virtuo.sk\/en\/strach-z-pavukov-arachnofobia\/\" \/>\n<meta property=\"og:site_name\" content=\"VIRTUO\" \/>\n<meta property=\"article:publisher\" content=\"https:\/\/www.facebook.com\/VIRTUO-110604190736597\/\" \/>\n<meta property=\"article:modified_time\" content=\"2021-03-18T11:26:15+00:00\" \/>\n<meta property=\"og:image\" content=\"https:\/\/virtuo.sk\/wp-content\/uploads\/2020\/09\/Virtuo_Logo-SEO.jpg\" \/>\n\t<meta property=\"og:image:width\" content=\"1920\" \/>\n\t<meta property=\"og:image:height\" content=\"1080\" \/>\n\t<meta property=\"og:image:type\" content=\"image\/jpeg\" \/>\n<meta name=\"twitter:card\" content=\"summary_large_image\" \/>\n<meta name=\"twitter:label1\" content=\"Estimated reading time\" \/>\n\t<meta name=\"twitter:data1\" content=\"2 minutes\" \/>\n<script type=\"application\/ld+json\" class=\"yoast-schema-graph\">{\"@context\":\"https:\/\/schema.org\",\"@graph\":[{\"@type\":\"WebPage\",\"@id\":\"https:\/\/virtuo.sk\/strach-z-pavukov-arachnofobia\/\",\"url\":\"https:\/\/virtuo.sk\/strach-z-pavukov-arachnofobia\/\",\"name\":\"VIRTUO - Arachnof\u00f3bia \/ strach z\u00a0pav\u00fakov\",\"isPartOf\":{\"@id\":\"https:\/\/virtuo.sk\/#website\"},\"datePublished\":\"2020-07-13T10:53:21+00:00\",\"dateModified\":\"2021-03-18T11:26:15+00:00\",\"breadcrumb\":{\"@id\":\"https:\/\/virtuo.sk\/strach-z-pavukov-arachnofobia\/#breadcrumb\"},\"inLanguage\":\"en-GB\",\"potentialAction\":[{\"@type\":\"ReadAction\",\"target\":[\"https:\/\/virtuo.sk\/strach-z-pavukov-arachnofobia\/\"]}]},{\"@type\":\"BreadcrumbList\",\"@id\":\"https:\/\/virtuo.sk\/strach-z-pavukov-arachnofobia\/#breadcrumb\",\"itemListElement\":[{\"@type\":\"ListItem\",\"position\":1,\"name\":\"Home\",\"item\":\"https:\/\/virtuo.sk\/\"},{\"@type\":\"ListItem\",\"position\":2,\"name\":\"Arachnof\u00f3bia \/ strach z\u00a0pav\u00fakov\"}]},{\"@type\":\"WebSite\",\"@id\":\"https:\/\/virtuo.sk\/#website\",\"url\":\"https:\/\/virtuo.sk\/\",\"name\":\"VIRTUO\",\"description\":\"Ambulancia klinickej psychol\u00f3gie\",\"publisher\":{\"@id\":\"https:\/\/virtuo.sk\/#organization\"},\"potentialAction\":[{\"@type\":\"SearchAction\",\"target\":{\"@type\":\"EntryPoint\",\"urlTemplate\":\"https:\/\/virtuo.sk\/?s={search_term_string}\"},\"query-input\":\"required name=search_term_string\"}],\"inLanguage\":\"en-GB\"},{\"@type\":\"Organization\",\"@id\":\"https:\/\/virtuo.sk\/#organization\",\"name\":\"VIRTUO\",\"url\":\"https:\/\/virtuo.sk\/\",\"logo\":{\"@type\":\"ImageObject\",\"inLanguage\":\"en-GB\",\"@id\":\"https:\/\/virtuo.sk\/#\/schema\/logo\/image\/\",\"url\":\"https:\/\/virtuo.sk\/wp-content\/uploads\/2020\/09\/plus.png\",\"contentUrl\":\"https:\/\/virtuo.sk\/wp-content\/uploads\/2020\/09\/plus.png\",\"width\":102,\"height\":102,\"caption\":\"VIRTUO\"},\"image\":{\"@id\":\"https:\/\/virtuo.sk\/#\/schema\/logo\/image\/\"},\"sameAs\":[\"https:\/\/www.facebook.com\/VIRTUO-110604190736597\/\",\"https:\/\/www.linkedin.com\/in\/martin-polak-a8589891\/\",\"https:\/\/www.instagram.com\/virtuo.sk\/\"]}]}<\/script>\n<!-- \/ Yoast SEO plugin. -->","yoast_head_json":{"title":"VIRTUO - Arachnof\u00f3bia \/ strach z\u00a0pav\u00fakov","robots":{"index":"index","follow":"follow","max-snippet":"max-snippet:-1","max-image-preview":"max-image-preview:large","max-video-preview":"max-video-preview:-1"},"canonical":"https:\/\/virtuo.sk\/en\/strach-z-pavukov-arachnofobia\/","og_locale":"en_GB","og_type":"article","og_title":"VIRTUO - Arachnof\u00f3bia \/ strach z\u00a0pav\u00fakov","og_description":"Arachnof\u00f3bia alebo strach z pav\u00fakov ozna\u010duje prehnan\u00fd strach zo situ\u00e1ci\u00ed, kde hroz\u00ed kontakt s pav\u00fakom. T\u00fdmto","og_url":"https:\/\/virtuo.sk\/en\/strach-z-pavukov-arachnofobia\/","og_site_name":"VIRTUO","article_publisher":"https:\/\/www.facebook.com\/VIRTUO-110604190736597\/","article_modified_time":"2021-03-18T11:26:15+00:00","og_image":[{"width":1920,"height":1080,"url":"https:\/\/virtuo.sk\/wp-content\/uploads\/2020\/09\/Virtuo_Logo-SEO.jpg","type":"image\/jpeg"}],"twitter_card":"summary_large_image","twitter_misc":{"Estimated reading time":"2 minutes"},"schema":{"@context":"https:\/\/schema.org","@graph":[{"@type":"WebPage","@id":"https:\/\/virtuo.sk\/strach-z-pavukov-arachnofobia\/","url":"https:\/\/virtuo.sk\/strach-z-pavukov-arachnofobia\/","name":"VIRTUO - Arachnof\u00f3bia \/ strach z\u00a0pav\u00fakov","isPartOf":{"@id":"https:\/\/virtuo.sk\/#website"},"datePublished":"2020-07-13T10:53:21+00:00","dateModified":"2021-03-18T11:26:15+00:00","breadcrumb":{"@id":"https:\/\/virtuo.sk\/strach-z-pavukov-arachnofobia\/#breadcrumb"},"inLanguage":"en-GB","potentialAction":[{"@type":"ReadAction","target":["https:\/\/virtuo.sk\/strach-z-pavukov-arachnofobia\/"]}]},{"@type":"BreadcrumbList","@id":"https:\/\/virtuo.sk\/strach-z-pavukov-arachnofobia\/#breadcrumb","itemListElement":[{"@type":"ListItem","position":1,"name":"Home","item":"https:\/\/virtuo.sk\/"},{"@type":"ListItem","position":2,"name":"Arachnof\u00f3bia \/ strach z\u00a0pav\u00fakov"}]},{"@type":"WebSite","@id":"https:\/\/virtuo.sk\/#website","url":"https:\/\/virtuo.sk\/","name":"VIRTUO","description":"Ambulancia klinickej psychol\u00f3gie","publisher":{"@id":"https:\/\/virtuo.sk\/#organization"},"potentialAction":[{"@type":"SearchAction","target":{"@type":"EntryPoint","urlTemplate":"https:\/\/virtuo.sk\/?s={search_term_string}"},"query-input":"required name=search_term_string"}],"inLanguage":"en-GB"},{"@type":"Organization","@id":"https:\/\/virtuo.sk\/#organization","name":"VIRTUO","url":"https:\/\/virtuo.sk\/","logo":{"@type":"ImageObject","inLanguage":"en-GB","@id":"https:\/\/virtuo.sk\/#\/schema\/logo\/image\/","url":"https:\/\/virtuo.sk\/wp-content\/uploads\/2020\/09\/plus.png","contentUrl":"https:\/\/virtuo.sk\/wp-content\/uploads\/2020\/09\/plus.png","width":102,"height":102,"caption":"VIRTUO"},"image":{"@id":"https:\/\/virtuo.sk\/#\/schema\/logo\/image\/"},"sameAs":["https:\/\/www.facebook.com\/VIRTUO-110604190736597\/","https:\/\/www.linkedin.com\/in\/martin-polak-a8589891\/","https:\/\/www.instagram.com\/virtuo.sk\/"]}]}},"_links":{"self":[{"href":"https:\/\/virtuo.sk\/en\/wp-json\/wp\/v2\/pages\/1784"}],"collection":[{"href":"https:\/\/virtuo.sk\/en\/wp-json\/wp\/v2\/pages"}],"about":[{"href":"https:\/\/virtuo.sk\/en\/wp-json\/wp\/v2\/types\/page"}],"author":[{"embeddable":true,"href":"https:\/\/virtuo.sk\/en\/wp-json\/wp\/v2\/users\/1"}],"replies":[{"embeddable":true,"href":"https:\/\/virtuo.sk\/en\/wp-json\/wp\/v2\/comments?post=1784"}],"version-history":[{"count":5,"href":"https:\/\/virtuo.sk\/en\/wp-json\/wp\/v2\/pages\/1784\/revisions"}],"predecessor-version":[{"id":2891,"href":"https:\/\/virtuo.sk\/en\/wp-json\/wp\/v2\/pages\/1784\/revisions\/2891"}],"wp:attachment":[{"href":"https:\/\/virtuo.sk\/en\/wp-json\/wp\/v2\/media?parent=1784"}],"curies":[{"name":"wp","href":"https:\/\/api.w.org\/{rel}","templated":true}]}}