{"id":1802,"date":"2020-07-13T13:02:47","date_gmt":"2020-07-13T11:02:47","guid":{"rendered":"https:\/\/virtuo.sk\/?page_id=1802"},"modified":"2026-04-14T21:45:39","modified_gmt":"2026-04-14T19:45:39","slug":"sedenie","status":"publish","type":"page","link":"https:\/\/virtuo.sk\/en\/sedenie\/","title":{"rendered":"Normal session"},"content":{"rendered":"<p>Na\u0161e klinicko-psychologick\u00e9 sedenia sa prim\u00e1rne opieraj\u00fa o poznatky kognit\u00edvno-behavior\u00e1lnej terapie, ktorej efektivita je preuk\u00e1zan\u00e1 v lie\u010dbe \u0161irok\u00e9ho spektra psychick\u00fdch probl\u00e9mov a por\u00fach. <\/p>\n\n\n\n<p>V praxi z\u00e1rove\u0148 vych\u00e1dzame aj z \u010fal\u0161\u00edch vedecky podlo\u017een\u00fdch pr\u00edstupov klinickej psychol\u00f3gie, najm\u00e4 z evolu\u010dnej te\u00f3rie, te\u00f3rie u\u010denia, sch\u00e9materapie a te\u00f3rie vz\u0165ahovej v\u00e4zby, \u010do n\u00e1m umo\u017e\u0148uje prisp\u00f4sobi\u0165 intervencie individu\u00e1lnym potreb\u00e1m klienta. S\u00fa\u010das\u0165ou terapeutick\u00e9ho procesu je aj expozi\u010dn\u00e1 terapia a v pr\u00edpade indik\u00e1cie vyu\u017e\u00edvame aj pr\u00e1cu s virtu\u00e1lnou realitou.<\/p>\n\n\n\n<p>Ak pacient\/ka nie je schopn\u00fd\/\u00e1 dostavi\u0165 sa na dohodnut\u00e9 sedenie, zru\u0161enie je mo\u017en\u00e9 najnesk\u00f4r 24 hod\u00edn pred za\u010diatkom sedenia. V opa\u010dnom pr\u00edpade je sedenie spoplatnen\u00e9 v plnej v\u00fd\u0161ke.<\/p>","protected":false},"excerpt":{"rendered":"<p>Na\u0161e klinicko-psychologick\u00e9 sedenia sa prim\u00e1rne opieraj\u00fa o poznatky kognit\u00edvno-behavior\u00e1lnej terapie, ktorej efektivita je preuk\u00e1zan\u00e1 v lie\u010dbe \u0161irok\u00e9ho spektra psychick\u00fdch probl\u00e9mov a por\u00fach. V praxi z\u00e1rove\u0148 vych\u00e1dzame aj z \u010fal\u0161\u00edch vedecky &#8230;<\/p>","protected":false},"author":1,"featured_media":0,"parent":0,"menu_order":0,"comment_status":"closed","ping_status":"closed","template":"","meta":{"om_disable_all_campaigns":false,"_monsterinsights_skip_tracking":false,"_monsterinsights_sitenote_active":false,"_monsterinsights_sitenote_note":"","_monsterinsights_sitenote_category":0,"_uf_show_specific_survey":0,"_uf_disable_surveys":false,"pgc_sgb_lightbox_settings":""},"aioseo_notices":[],"yoast_head":"<!-- This site is optimized with the Yoast SEO plugin v20.6 - https:\/\/yoast.com\/wordpress\/plugins\/seo\/ -->\n<title>VIRTUO - Sedenie<\/title>\n<meta name=\"robots\" content=\"index, follow, max-snippet:-1, max-image-preview:large, max-video-preview:-1\" \/>\n<link rel=\"canonical\" href=\"https:\/\/virtuo.sk\/en\/sedenie\/\" \/>\n<meta property=\"og:locale\" content=\"en_GB\" \/>\n<meta property=\"og:type\" content=\"article\" \/>\n<meta property=\"og:title\" content=\"VIRTUO - Sedenie\" \/>\n<meta property=\"og:description\" content=\"Na\u0161e klinicko-psychologick\u00e9 sedenia sa prim\u00e1rne opieraj\u00fa o poznatky kognit\u00edvno-behavior\u00e1lnej terapie, ktorej efektivita je preuk\u00e1zan\u00e1 v lie\u010dbe \u0161irok\u00e9ho spektra psychick\u00fdch probl\u00e9mov a por\u00fach. V praxi z\u00e1rove\u0148 vych\u00e1dzame aj z \u010fal\u0161\u00edch vedecky ...\" \/>\n<meta property=\"og:url\" content=\"https:\/\/virtuo.sk\/en\/sedenie\/\" \/>\n<meta property=\"og:site_name\" content=\"VIRTUO\" \/>\n<meta property=\"article:publisher\" content=\"https:\/\/www.facebook.com\/VIRTUO-110604190736597\/\" \/>\n<meta property=\"article:modified_time\" content=\"2026-04-14T19:45:39+00:00\" \/>\n<meta property=\"og:image\" content=\"https:\/\/virtuo.sk\/wp-content\/uploads\/2020\/09\/Virtuo_Logo-SEO.jpg\" \/>\n\t<meta property=\"og:image:width\" content=\"1920\" \/>\n\t<meta property=\"og:image:height\" content=\"1080\" \/>\n\t<meta property=\"og:image:type\" content=\"image\/jpeg\" \/>\n<meta name=\"twitter:card\" content=\"summary_large_image\" \/>\n<meta name=\"twitter:label1\" content=\"Estimated reading time\" \/>\n\t<meta name=\"twitter:data1\" content=\"1 minute\" \/>\n<script type=\"application\/ld+json\" class=\"yoast-schema-graph\">{\"@context\":\"https:\/\/schema.org\",\"@graph\":[{\"@type\":\"WebPage\",\"@id\":\"https:\/\/virtuo.sk\/sedenie\/\",\"url\":\"https:\/\/virtuo.sk\/sedenie\/\",\"name\":\"VIRTUO - Sedenie\",\"isPartOf\":{\"@id\":\"https:\/\/virtuo.sk\/#website\"},\"datePublished\":\"2020-07-13T11:02:47+00:00\",\"dateModified\":\"2026-04-14T19:45:39+00:00\",\"breadcrumb\":{\"@id\":\"https:\/\/virtuo.sk\/sedenie\/#breadcrumb\"},\"inLanguage\":\"en-GB\",\"potentialAction\":[{\"@type\":\"ReadAction\",\"target\":[\"https:\/\/virtuo.sk\/sedenie\/\"]}]},{\"@type\":\"BreadcrumbList\",\"@id\":\"https:\/\/virtuo.sk\/sedenie\/#breadcrumb\",\"itemListElement\":[{\"@type\":\"ListItem\",\"position\":1,\"name\":\"Home\",\"item\":\"https:\/\/virtuo.sk\/\"},{\"@type\":\"ListItem\",\"position\":2,\"name\":\"Sedenie\"}]},{\"@type\":\"WebSite\",\"@id\":\"https:\/\/virtuo.sk\/#website\",\"url\":\"https:\/\/virtuo.sk\/\",\"name\":\"VIRTUO\",\"description\":\"Ambulancia klinickej psychol\u00f3gie\",\"publisher\":{\"@id\":\"https:\/\/virtuo.sk\/#organization\"},\"potentialAction\":[{\"@type\":\"SearchAction\",\"target\":{\"@type\":\"EntryPoint\",\"urlTemplate\":\"https:\/\/virtuo.sk\/?s={search_term_string}\"},\"query-input\":\"required name=search_term_string\"}],\"inLanguage\":\"en-GB\"},{\"@type\":\"Organization\",\"@id\":\"https:\/\/virtuo.sk\/#organization\",\"name\":\"VIRTUO\",\"url\":\"https:\/\/virtuo.sk\/\",\"logo\":{\"@type\":\"ImageObject\",\"inLanguage\":\"en-GB\",\"@id\":\"https:\/\/virtuo.sk\/#\/schema\/logo\/image\/\",\"url\":\"https:\/\/virtuo.sk\/wp-content\/uploads\/2020\/09\/plus.png\",\"contentUrl\":\"https:\/\/virtuo.sk\/wp-content\/uploads\/2020\/09\/plus.png\",\"width\":102,\"height\":102,\"caption\":\"VIRTUO\"},\"image\":{\"@id\":\"https:\/\/virtuo.sk\/#\/schema\/logo\/image\/\"},\"sameAs\":[\"https:\/\/www.facebook.com\/VIRTUO-110604190736597\/\",\"https:\/\/www.linkedin.com\/in\/martin-polak-a8589891\/\",\"https:\/\/www.instagram.com\/virtuo.sk\/\"]}]}<\/script>\n<!-- \/ Yoast SEO plugin. -->","yoast_head_json":{"title":"VIRTUO - Sedenie","robots":{"index":"index","follow":"follow","max-snippet":"max-snippet:-1","max-image-preview":"max-image-preview:large","max-video-preview":"max-video-preview:-1"},"canonical":"https:\/\/virtuo.sk\/en\/sedenie\/","og_locale":"en_GB","og_type":"article","og_title":"VIRTUO - Sedenie","og_description":"Na\u0161e klinicko-psychologick\u00e9 sedenia sa prim\u00e1rne opieraj\u00fa o poznatky kognit\u00edvno-behavior\u00e1lnej terapie, ktorej efektivita je preuk\u00e1zan\u00e1 v lie\u010dbe \u0161irok\u00e9ho spektra psychick\u00fdch probl\u00e9mov a por\u00fach. V praxi z\u00e1rove\u0148 vych\u00e1dzame aj z \u010fal\u0161\u00edch vedecky ...","og_url":"https:\/\/virtuo.sk\/en\/sedenie\/","og_site_name":"VIRTUO","article_publisher":"https:\/\/www.facebook.com\/VIRTUO-110604190736597\/","article_modified_time":"2026-04-14T19:45:39+00:00","og_image":[{"width":1920,"height":1080,"url":"https:\/\/virtuo.sk\/wp-content\/uploads\/2020\/09\/Virtuo_Logo-SEO.jpg","type":"image\/jpeg"}],"twitter_card":"summary_large_image","twitter_misc":{"Estimated reading time":"1 minute"},"schema":{"@context":"https:\/\/schema.org","@graph":[{"@type":"WebPage","@id":"https:\/\/virtuo.sk\/sedenie\/","url":"https:\/\/virtuo.sk\/sedenie\/","name":"VIRTUO - Sedenie","isPartOf":{"@id":"https:\/\/virtuo.sk\/#website"},"datePublished":"2020-07-13T11:02:47+00:00","dateModified":"2026-04-14T19:45:39+00:00","breadcrumb":{"@id":"https:\/\/virtuo.sk\/sedenie\/#breadcrumb"},"inLanguage":"en-GB","potentialAction":[{"@type":"ReadAction","target":["https:\/\/virtuo.sk\/sedenie\/"]}]},{"@type":"BreadcrumbList","@id":"https:\/\/virtuo.sk\/sedenie\/#breadcrumb","itemListElement":[{"@type":"ListItem","position":1,"name":"Home","item":"https:\/\/virtuo.sk\/"},{"@type":"ListItem","position":2,"name":"Sedenie"}]},{"@type":"WebSite","@id":"https:\/\/virtuo.sk\/#website","url":"https:\/\/virtuo.sk\/","name":"VIRTUO","description":"Ambulancia klinickej psychol\u00f3gie","publisher":{"@id":"https:\/\/virtuo.sk\/#organization"},"potentialAction":[{"@type":"SearchAction","target":{"@type":"EntryPoint","urlTemplate":"https:\/\/virtuo.sk\/?s={search_term_string}"},"query-input":"required name=search_term_string"}],"inLanguage":"en-GB"},{"@type":"Organization","@id":"https:\/\/virtuo.sk\/#organization","name":"VIRTUO","url":"https:\/\/virtuo.sk\/","logo":{"@type":"ImageObject","inLanguage":"en-GB","@id":"https:\/\/virtuo.sk\/#\/schema\/logo\/image\/","url":"https:\/\/virtuo.sk\/wp-content\/uploads\/2020\/09\/plus.png","contentUrl":"https:\/\/virtuo.sk\/wp-content\/uploads\/2020\/09\/plus.png","width":102,"height":102,"caption":"VIRTUO"},"image":{"@id":"https:\/\/virtuo.sk\/#\/schema\/logo\/image\/"},"sameAs":["https:\/\/www.facebook.com\/VIRTUO-110604190736597\/","https:\/\/www.linkedin.com\/in\/martin-polak-a8589891\/","https:\/\/www.instagram.com\/virtuo.sk\/"]}]}},"_links":{"self":[{"href":"https:\/\/virtuo.sk\/en\/wp-json\/wp\/v2\/pages\/1802"}],"collection":[{"href":"https:\/\/virtuo.sk\/en\/wp-json\/wp\/v2\/pages"}],"about":[{"href":"https:\/\/virtuo.sk\/en\/wp-json\/wp\/v2\/types\/page"}],"author":[{"embeddable":true,"href":"https:\/\/virtuo.sk\/en\/wp-json\/wp\/v2\/users\/1"}],"replies":[{"embeddable":true,"href":"https:\/\/virtuo.sk\/en\/wp-json\/wp\/v2\/comments?post=1802"}],"version-history":[{"count":6,"href":"https:\/\/virtuo.sk\/en\/wp-json\/wp\/v2\/pages\/1802\/revisions"}],"predecessor-version":[{"id":3448,"href":"https:\/\/virtuo.sk\/en\/wp-json\/wp\/v2\/pages\/1802\/revisions\/3448"}],"wp:attachment":[{"href":"https:\/\/virtuo.sk\/en\/wp-json\/wp\/v2\/media?parent=1802"}],"curies":[{"name":"wp","href":"https:\/\/api.w.org\/{rel}","templated":true}]}}