{"id":2674,"date":"2021-02-06T09:31:06","date_gmt":"2021-02-06T08:31:06","guid":{"rendered":"https:\/\/virtuo.sk\/?page_id=2674"},"modified":"2025-11-27T22:19:59","modified_gmt":"2025-11-27T21:19:59","slug":"obchodne-podmienky","status":"publish","type":"page","link":"https:\/\/virtuo.sk\/en\/obchodne-podmienky\/","title":{"rendered":"Terms and coditions"},"content":{"rendered":"<h4>Ambulancia klinickej psychol\u00f3gie <br>VIRTUO s.r.o. <br>Hlavn\u00e1 493\/78<br>951 44 V\u00fd\u010dapy-Opatovce <br>I\u010cO: 53039246 <br>DI\u010c: 2121253970 <br>Zap\u00edsan\u00e1 v Obchodnom registri Okresn\u00e9ho s\u00fadu Nitra, oddiel Sro, vlo\u017eka 51131\/N<br>Zast\u00fapen\u00e1 konate\u013eom: Dr. Martin Pol\u00e1k<br>Zariadenie je zap\u00edsan\u00e9 v registri poskytovate\u013eov zdravotnej starostlivosti<br>Odborn\u00fd garant: Mgr. Hana Jom<\/h4>\n\n\n\n<p><\/p>","protected":false},"excerpt":{"rendered":"<p>Ambulancia klinickej psychol\u00f3gie VIRTUO s.r.o. Hlavn\u00e1 493\/78951 44 V\u00fd\u010dapy-Opatovce I\u010cO: 53039246 DI\u010c: 2121253970 Zap\u00edsan\u00e1 v Obchodnom registri Okresn\u00e9ho s\u00fadu Nitra, oddiel Sro, vlo\u017eka 51131\/NZast\u00fapen\u00e1 konate\u013eom: Dr. Martin Pol\u00e1kZariadenie je zap\u00edsan\u00e9 &#8230;<\/p>","protected":false},"author":1,"featured_media":0,"parent":0,"menu_order":0,"comment_status":"closed","ping_status":"closed","template":"","meta":{"om_disable_all_campaigns":false,"_monsterinsights_skip_tracking":false,"_monsterinsights_sitenote_active":false,"_monsterinsights_sitenote_note":"","_monsterinsights_sitenote_category":0,"_uf_show_specific_survey":0,"_uf_disable_surveys":false,"pgc_sgb_lightbox_settings":""},"aioseo_notices":[],"yoast_head":"<!-- This site is optimized with the Yoast SEO plugin v20.6 - https:\/\/yoast.com\/wordpress\/plugins\/seo\/ -->\n<title>VIRTUO - Obchodn\u00e9 podmienky<\/title>\n<meta name=\"robots\" content=\"index, follow, max-snippet:-1, max-image-preview:large, max-video-preview:-1\" \/>\n<link rel=\"canonical\" href=\"https:\/\/virtuo.sk\/en\/obchodne-podmienky\/\" \/>\n<meta property=\"og:locale\" content=\"en_GB\" \/>\n<meta property=\"og:type\" content=\"article\" \/>\n<meta property=\"og:title\" content=\"VIRTUO - Obchodn\u00e9 podmienky\" \/>\n<meta property=\"og:description\" content=\"Ambulancia klinickej psychol\u00f3gie VIRTUO s.r.o. Hlavn\u00e1 493\/78951 44 V\u00fd\u010dapy-Opatovce I\u010cO: 53039246 DI\u010c: 2121253970 Zap\u00edsan\u00e1 v Obchodnom registri Okresn\u00e9ho s\u00fadu Nitra, oddiel Sro, vlo\u017eka 51131\/NZast\u00fapen\u00e1 konate\u013eom: Dr. Martin Pol\u00e1kZariadenie je zap\u00edsan\u00e9 ...\" \/>\n<meta property=\"og:url\" content=\"https:\/\/virtuo.sk\/en\/obchodne-podmienky\/\" \/>\n<meta property=\"og:site_name\" content=\"VIRTUO\" \/>\n<meta property=\"article:publisher\" content=\"https:\/\/www.facebook.com\/VIRTUO-110604190736597\/\" \/>\n<meta property=\"article:modified_time\" content=\"2025-11-27T21:19:59+00:00\" \/>\n<meta property=\"og:image\" content=\"https:\/\/virtuo.sk\/wp-content\/uploads\/2020\/09\/Virtuo_Logo-SEO.jpg\" \/>\n\t<meta property=\"og:image:width\" content=\"1920\" \/>\n\t<meta property=\"og:image:height\" content=\"1080\" \/>\n\t<meta property=\"og:image:type\" content=\"image\/jpeg\" \/>\n<meta name=\"twitter:card\" content=\"summary_large_image\" \/>\n<meta name=\"twitter:label1\" content=\"Estimated reading time\" \/>\n\t<meta name=\"twitter:data1\" content=\"1 minute\" \/>\n<script type=\"application\/ld+json\" class=\"yoast-schema-graph\">{\"@context\":\"https:\/\/schema.org\",\"@graph\":[{\"@type\":\"WebPage\",\"@id\":\"https:\/\/virtuo.sk\/obchodne-podmienky\/\",\"url\":\"https:\/\/virtuo.sk\/obchodne-podmienky\/\",\"name\":\"VIRTUO - Obchodn\u00e9 podmienky\",\"isPartOf\":{\"@id\":\"https:\/\/virtuo.sk\/#website\"},\"datePublished\":\"2021-02-06T08:31:06+00:00\",\"dateModified\":\"2025-11-27T21:19:59+00:00\",\"breadcrumb\":{\"@id\":\"https:\/\/virtuo.sk\/obchodne-podmienky\/#breadcrumb\"},\"inLanguage\":\"en-GB\",\"potentialAction\":[{\"@type\":\"ReadAction\",\"target\":[\"https:\/\/virtuo.sk\/obchodne-podmienky\/\"]}]},{\"@type\":\"BreadcrumbList\",\"@id\":\"https:\/\/virtuo.sk\/obchodne-podmienky\/#breadcrumb\",\"itemListElement\":[{\"@type\":\"ListItem\",\"position\":1,\"name\":\"Home\",\"item\":\"https:\/\/virtuo.sk\/\"},{\"@type\":\"ListItem\",\"position\":2,\"name\":\"Obchodn\u00e9 podmienky\"}]},{\"@type\":\"WebSite\",\"@id\":\"https:\/\/virtuo.sk\/#website\",\"url\":\"https:\/\/virtuo.sk\/\",\"name\":\"VIRTUO\",\"description\":\"Ambulancia klinickej psychol\u00f3gie\",\"publisher\":{\"@id\":\"https:\/\/virtuo.sk\/#organization\"},\"potentialAction\":[{\"@type\":\"SearchAction\",\"target\":{\"@type\":\"EntryPoint\",\"urlTemplate\":\"https:\/\/virtuo.sk\/?s={search_term_string}\"},\"query-input\":\"required name=search_term_string\"}],\"inLanguage\":\"en-GB\"},{\"@type\":\"Organization\",\"@id\":\"https:\/\/virtuo.sk\/#organization\",\"name\":\"VIRTUO\",\"url\":\"https:\/\/virtuo.sk\/\",\"logo\":{\"@type\":\"ImageObject\",\"inLanguage\":\"en-GB\",\"@id\":\"https:\/\/virtuo.sk\/#\/schema\/logo\/image\/\",\"url\":\"https:\/\/virtuo.sk\/wp-content\/uploads\/2020\/09\/plus.png\",\"contentUrl\":\"https:\/\/virtuo.sk\/wp-content\/uploads\/2020\/09\/plus.png\",\"width\":102,\"height\":102,\"caption\":\"VIRTUO\"},\"image\":{\"@id\":\"https:\/\/virtuo.sk\/#\/schema\/logo\/image\/\"},\"sameAs\":[\"https:\/\/www.facebook.com\/VIRTUO-110604190736597\/\",\"https:\/\/www.linkedin.com\/in\/martin-polak-a8589891\/\",\"https:\/\/www.instagram.com\/virtuo.sk\/\"]}]}<\/script>\n<!-- \/ Yoast SEO plugin. -->","yoast_head_json":{"title":"VIRTUO - Obchodn\u00e9 podmienky","robots":{"index":"index","follow":"follow","max-snippet":"max-snippet:-1","max-image-preview":"max-image-preview:large","max-video-preview":"max-video-preview:-1"},"canonical":"https:\/\/virtuo.sk\/en\/obchodne-podmienky\/","og_locale":"en_GB","og_type":"article","og_title":"VIRTUO - Obchodn\u00e9 podmienky","og_description":"Ambulancia klinickej psychol\u00f3gie VIRTUO s.r.o. Hlavn\u00e1 493\/78951 44 V\u00fd\u010dapy-Opatovce I\u010cO: 53039246 DI\u010c: 2121253970 Zap\u00edsan\u00e1 v Obchodnom registri Okresn\u00e9ho s\u00fadu Nitra, oddiel Sro, vlo\u017eka 51131\/NZast\u00fapen\u00e1 konate\u013eom: Dr. Martin Pol\u00e1kZariadenie je zap\u00edsan\u00e9 ...","og_url":"https:\/\/virtuo.sk\/en\/obchodne-podmienky\/","og_site_name":"VIRTUO","article_publisher":"https:\/\/www.facebook.com\/VIRTUO-110604190736597\/","article_modified_time":"2025-11-27T21:19:59+00:00","og_image":[{"width":1920,"height":1080,"url":"https:\/\/virtuo.sk\/wp-content\/uploads\/2020\/09\/Virtuo_Logo-SEO.jpg","type":"image\/jpeg"}],"twitter_card":"summary_large_image","twitter_misc":{"Estimated reading time":"1 minute"},"schema":{"@context":"https:\/\/schema.org","@graph":[{"@type":"WebPage","@id":"https:\/\/virtuo.sk\/obchodne-podmienky\/","url":"https:\/\/virtuo.sk\/obchodne-podmienky\/","name":"VIRTUO - Obchodn\u00e9 podmienky","isPartOf":{"@id":"https:\/\/virtuo.sk\/#website"},"datePublished":"2021-02-06T08:31:06+00:00","dateModified":"2025-11-27T21:19:59+00:00","breadcrumb":{"@id":"https:\/\/virtuo.sk\/obchodne-podmienky\/#breadcrumb"},"inLanguage":"en-GB","potentialAction":[{"@type":"ReadAction","target":["https:\/\/virtuo.sk\/obchodne-podmienky\/"]}]},{"@type":"BreadcrumbList","@id":"https:\/\/virtuo.sk\/obchodne-podmienky\/#breadcrumb","itemListElement":[{"@type":"ListItem","position":1,"name":"Home","item":"https:\/\/virtuo.sk\/"},{"@type":"ListItem","position":2,"name":"Obchodn\u00e9 podmienky"}]},{"@type":"WebSite","@id":"https:\/\/virtuo.sk\/#website","url":"https:\/\/virtuo.sk\/","name":"VIRTUO","description":"Ambulancia klinickej psychol\u00f3gie","publisher":{"@id":"https:\/\/virtuo.sk\/#organization"},"potentialAction":[{"@type":"SearchAction","target":{"@type":"EntryPoint","urlTemplate":"https:\/\/virtuo.sk\/?s={search_term_string}"},"query-input":"required name=search_term_string"}],"inLanguage":"en-GB"},{"@type":"Organization","@id":"https:\/\/virtuo.sk\/#organization","name":"VIRTUO","url":"https:\/\/virtuo.sk\/","logo":{"@type":"ImageObject","inLanguage":"en-GB","@id":"https:\/\/virtuo.sk\/#\/schema\/logo\/image\/","url":"https:\/\/virtuo.sk\/wp-content\/uploads\/2020\/09\/plus.png","contentUrl":"https:\/\/virtuo.sk\/wp-content\/uploads\/2020\/09\/plus.png","width":102,"height":102,"caption":"VIRTUO"},"image":{"@id":"https:\/\/virtuo.sk\/#\/schema\/logo\/image\/"},"sameAs":["https:\/\/www.facebook.com\/VIRTUO-110604190736597\/","https:\/\/www.linkedin.com\/in\/martin-polak-a8589891\/","https:\/\/www.instagram.com\/virtuo.sk\/"]}]}},"_links":{"self":[{"href":"https:\/\/virtuo.sk\/en\/wp-json\/wp\/v2\/pages\/2674"}],"collection":[{"href":"https:\/\/virtuo.sk\/en\/wp-json\/wp\/v2\/pages"}],"about":[{"href":"https:\/\/virtuo.sk\/en\/wp-json\/wp\/v2\/types\/page"}],"author":[{"embeddable":true,"href":"https:\/\/virtuo.sk\/en\/wp-json\/wp\/v2\/users\/1"}],"replies":[{"embeddable":true,"href":"https:\/\/virtuo.sk\/en\/wp-json\/wp\/v2\/comments?post=2674"}],"version-history":[{"count":5,"href":"https:\/\/virtuo.sk\/en\/wp-json\/wp\/v2\/pages\/2674\/revisions"}],"predecessor-version":[{"id":3354,"href":"https:\/\/virtuo.sk\/en\/wp-json\/wp\/v2\/pages\/2674\/revisions\/3354"}],"wp:attachment":[{"href":"https:\/\/virtuo.sk\/en\/wp-json\/wp\/v2\/media?parent=2674"}],"curies":[{"name":"wp","href":"https:\/\/api.w.org\/{rel}","templated":true}]}}