{"id":3152,"date":"2024-06-18T16:07:57","date_gmt":"2024-06-18T14:07:57","guid":{"rendered":"https:\/\/virtuo.sk\/?page_id=3152"},"modified":"2025-11-26T23:07:43","modified_gmt":"2025-11-26T22:07:43","slug":"vyuzitie-vr-v-terapii","status":"publish","type":"page","link":"https:\/\/virtuo.sk\/en\/vyuzitie-vr-v-terapii\/","title":{"rendered":"\u0160kolenia a kurzy"},"content":{"rendered":"<p>Pre jednotlivcov, t\u00edmy a firmy pon\u00fakame odborn\u00e9 kurzy a \u0161kolenia z oblasti du\u0161evn\u00e9ho zdravia, psychol\u00f3gie a zvl\u00e1dania stresu. Zameriavame sa aj na t\u00e9my na priese\u010dn\u00edku psychol\u00f3gie, technol\u00f3gi\u00ed a hern\u00e9ho priemyslu, vr\u00e1tane modern\u00fdch digit\u00e1lnych intervenci\u00ed a vyu\u017eitia virtu\u00e1lnej reality.<br> <br>Program <strong>VR in practice<\/strong> je ur\u010den\u00fd v\u0161etk\u00fdm z\u00e1ujemcom, ktor\u00ed sa chc\u00fa dozvedie\u0165 praktick\u00e9 inform\u00e1cie o vyu\u017eit\u00ed virtu\u00e1lnej reality v zdravotn\u00edctve, \u0161kolstve, n\u00e1cviku soft-skills, vzdel\u00e1van\u00ed a \u010fal\u0161\u00edch oblastiach. S\u00fa\u010das\u0165ou programu je aj sebask\u00fasenos\u0165 \u2013 za\u017eijete VR \u201ena vlastnej ko\u017ei\u201c, vysk\u00fa\u0161ate si \u00falohu klienta aj terapeuta a osvoj\u00edte si z\u00e1kladn\u00e9 zru\u010dnosti vedenia intervenci\u00ed vo VR. \u010cak\u00e1 v\u00e1s kombin\u00e1cia odborn\u00fdch poznatkov, praktick\u00fdch uk\u00e1\u017eok a technologick\u00fdch noviniek, ktor\u00e9 menia sp\u00f4sob, ak\u00fdm pristupujeme k u\u010deniu, terapii a rozvoju \u013eud\u00ed. Program je pon\u00fakan\u00fd individu\u00e1lne aj skupinovo.<\/p>","protected":false},"excerpt":{"rendered":"<p>Pre jednotlivcov, t\u00edmy a firmy pon\u00fakame odborn\u00e9 kurzy a \u0161kolenia z oblasti du\u0161evn\u00e9ho zdravia, psychol\u00f3gie a zvl\u00e1dania stresu. Zameriavame sa aj na t\u00e9my na priese\u010dn\u00edku psychol\u00f3gie, technol\u00f3gi\u00ed a hern\u00e9ho priemyslu, &#8230;<\/p>","protected":false},"author":1,"featured_media":0,"parent":0,"menu_order":0,"comment_status":"closed","ping_status":"closed","template":"","meta":{"om_disable_all_campaigns":false,"_monsterinsights_skip_tracking":false,"_monsterinsights_sitenote_active":false,"_monsterinsights_sitenote_note":"","_monsterinsights_sitenote_category":0,"_uf_show_specific_survey":0,"_uf_disable_surveys":false,"pgc_sgb_lightbox_settings":""},"aioseo_notices":[],"yoast_head":"<!-- This site is optimized with the Yoast SEO plugin v20.6 - https:\/\/yoast.com\/wordpress\/plugins\/seo\/ -->\n<title>VIRTUO - \u0160kolenia a kurzy<\/title>\n<meta name=\"robots\" content=\"index, follow, max-snippet:-1, max-image-preview:large, max-video-preview:-1\" \/>\n<link rel=\"canonical\" href=\"https:\/\/virtuo.sk\/en\/vyuzitie-vr-v-terapii\/\" \/>\n<meta property=\"og:locale\" content=\"en_GB\" \/>\n<meta property=\"og:type\" content=\"article\" \/>\n<meta property=\"og:title\" content=\"VIRTUO - \u0160kolenia a kurzy\" \/>\n<meta property=\"og:description\" content=\"Pre jednotlivcov, t\u00edmy a firmy pon\u00fakame odborn\u00e9 kurzy a \u0161kolenia z oblasti du\u0161evn\u00e9ho zdravia, psychol\u00f3gie a zvl\u00e1dania stresu. Zameriavame sa aj na t\u00e9my na priese\u010dn\u00edku psychol\u00f3gie, technol\u00f3gi\u00ed a hern\u00e9ho priemyslu, ...\" \/>\n<meta property=\"og:url\" content=\"https:\/\/virtuo.sk\/en\/vyuzitie-vr-v-terapii\/\" \/>\n<meta property=\"og:site_name\" content=\"VIRTUO\" \/>\n<meta property=\"article:publisher\" content=\"https:\/\/www.facebook.com\/VIRTUO-110604190736597\/\" \/>\n<meta property=\"article:modified_time\" content=\"2025-11-26T22:07:43+00:00\" \/>\n<meta property=\"og:image\" content=\"https:\/\/virtuo.sk\/wp-content\/uploads\/2020\/09\/Virtuo_Logo-SEO.jpg\" \/>\n\t<meta property=\"og:image:width\" content=\"1920\" \/>\n\t<meta property=\"og:image:height\" content=\"1080\" \/>\n\t<meta property=\"og:image:type\" content=\"image\/jpeg\" \/>\n<meta name=\"twitter:card\" content=\"summary_large_image\" \/>\n<meta name=\"twitter:label1\" content=\"Estimated reading time\" \/>\n\t<meta name=\"twitter:data1\" content=\"1 minute\" \/>\n<script type=\"application\/ld+json\" class=\"yoast-schema-graph\">{\"@context\":\"https:\/\/schema.org\",\"@graph\":[{\"@type\":\"WebPage\",\"@id\":\"https:\/\/virtuo.sk\/vyuzitie-vr-v-terapii\/\",\"url\":\"https:\/\/virtuo.sk\/vyuzitie-vr-v-terapii\/\",\"name\":\"VIRTUO - \u0160kolenia a kurzy\",\"isPartOf\":{\"@id\":\"https:\/\/virtuo.sk\/#website\"},\"datePublished\":\"2024-06-18T14:07:57+00:00\",\"dateModified\":\"2025-11-26T22:07:43+00:00\",\"breadcrumb\":{\"@id\":\"https:\/\/virtuo.sk\/vyuzitie-vr-v-terapii\/#breadcrumb\"},\"inLanguage\":\"en-GB\",\"potentialAction\":[{\"@type\":\"ReadAction\",\"target\":[\"https:\/\/virtuo.sk\/vyuzitie-vr-v-terapii\/\"]}]},{\"@type\":\"BreadcrumbList\",\"@id\":\"https:\/\/virtuo.sk\/vyuzitie-vr-v-terapii\/#breadcrumb\",\"itemListElement\":[{\"@type\":\"ListItem\",\"position\":1,\"name\":\"Home\",\"item\":\"https:\/\/virtuo.sk\/\"},{\"@type\":\"ListItem\",\"position\":2,\"name\":\"\u0160kolenia a kurzy\"}]},{\"@type\":\"WebSite\",\"@id\":\"https:\/\/virtuo.sk\/#website\",\"url\":\"https:\/\/virtuo.sk\/\",\"name\":\"VIRTUO\",\"description\":\"Ambulancia klinickej psychol\u00f3gie\",\"publisher\":{\"@id\":\"https:\/\/virtuo.sk\/#organization\"},\"potentialAction\":[{\"@type\":\"SearchAction\",\"target\":{\"@type\":\"EntryPoint\",\"urlTemplate\":\"https:\/\/virtuo.sk\/?s={search_term_string}\"},\"query-input\":\"required name=search_term_string\"}],\"inLanguage\":\"en-GB\"},{\"@type\":\"Organization\",\"@id\":\"https:\/\/virtuo.sk\/#organization\",\"name\":\"VIRTUO\",\"url\":\"https:\/\/virtuo.sk\/\",\"logo\":{\"@type\":\"ImageObject\",\"inLanguage\":\"en-GB\",\"@id\":\"https:\/\/virtuo.sk\/#\/schema\/logo\/image\/\",\"url\":\"https:\/\/virtuo.sk\/wp-content\/uploads\/2020\/09\/plus.png\",\"contentUrl\":\"https:\/\/virtuo.sk\/wp-content\/uploads\/2020\/09\/plus.png\",\"width\":102,\"height\":102,\"caption\":\"VIRTUO\"},\"image\":{\"@id\":\"https:\/\/virtuo.sk\/#\/schema\/logo\/image\/\"},\"sameAs\":[\"https:\/\/www.facebook.com\/VIRTUO-110604190736597\/\",\"https:\/\/www.linkedin.com\/in\/martin-polak-a8589891\/\",\"https:\/\/www.instagram.com\/virtuo.sk\/\"]}]}<\/script>\n<!-- \/ Yoast SEO plugin. -->","yoast_head_json":{"title":"VIRTUO - \u0160kolenia a kurzy","robots":{"index":"index","follow":"follow","max-snippet":"max-snippet:-1","max-image-preview":"max-image-preview:large","max-video-preview":"max-video-preview:-1"},"canonical":"https:\/\/virtuo.sk\/en\/vyuzitie-vr-v-terapii\/","og_locale":"en_GB","og_type":"article","og_title":"VIRTUO - \u0160kolenia a kurzy","og_description":"Pre jednotlivcov, t\u00edmy a firmy pon\u00fakame odborn\u00e9 kurzy a \u0161kolenia z oblasti du\u0161evn\u00e9ho zdravia, psychol\u00f3gie a zvl\u00e1dania stresu. Zameriavame sa aj na t\u00e9my na priese\u010dn\u00edku psychol\u00f3gie, technol\u00f3gi\u00ed a hern\u00e9ho priemyslu, ...","og_url":"https:\/\/virtuo.sk\/en\/vyuzitie-vr-v-terapii\/","og_site_name":"VIRTUO","article_publisher":"https:\/\/www.facebook.com\/VIRTUO-110604190736597\/","article_modified_time":"2025-11-26T22:07:43+00:00","og_image":[{"width":1920,"height":1080,"url":"https:\/\/virtuo.sk\/wp-content\/uploads\/2020\/09\/Virtuo_Logo-SEO.jpg","type":"image\/jpeg"}],"twitter_card":"summary_large_image","twitter_misc":{"Estimated reading time":"1 minute"},"schema":{"@context":"https:\/\/schema.org","@graph":[{"@type":"WebPage","@id":"https:\/\/virtuo.sk\/vyuzitie-vr-v-terapii\/","url":"https:\/\/virtuo.sk\/vyuzitie-vr-v-terapii\/","name":"VIRTUO - \u0160kolenia a kurzy","isPartOf":{"@id":"https:\/\/virtuo.sk\/#website"},"datePublished":"2024-06-18T14:07:57+00:00","dateModified":"2025-11-26T22:07:43+00:00","breadcrumb":{"@id":"https:\/\/virtuo.sk\/vyuzitie-vr-v-terapii\/#breadcrumb"},"inLanguage":"en-GB","potentialAction":[{"@type":"ReadAction","target":["https:\/\/virtuo.sk\/vyuzitie-vr-v-terapii\/"]}]},{"@type":"BreadcrumbList","@id":"https:\/\/virtuo.sk\/vyuzitie-vr-v-terapii\/#breadcrumb","itemListElement":[{"@type":"ListItem","position":1,"name":"Home","item":"https:\/\/virtuo.sk\/"},{"@type":"ListItem","position":2,"name":"\u0160kolenia a kurzy"}]},{"@type":"WebSite","@id":"https:\/\/virtuo.sk\/#website","url":"https:\/\/virtuo.sk\/","name":"VIRTUO","description":"Ambulancia klinickej psychol\u00f3gie","publisher":{"@id":"https:\/\/virtuo.sk\/#organization"},"potentialAction":[{"@type":"SearchAction","target":{"@type":"EntryPoint","urlTemplate":"https:\/\/virtuo.sk\/?s={search_term_string}"},"query-input":"required name=search_term_string"}],"inLanguage":"en-GB"},{"@type":"Organization","@id":"https:\/\/virtuo.sk\/#organization","name":"VIRTUO","url":"https:\/\/virtuo.sk\/","logo":{"@type":"ImageObject","inLanguage":"en-GB","@id":"https:\/\/virtuo.sk\/#\/schema\/logo\/image\/","url":"https:\/\/virtuo.sk\/wp-content\/uploads\/2020\/09\/plus.png","contentUrl":"https:\/\/virtuo.sk\/wp-content\/uploads\/2020\/09\/plus.png","width":102,"height":102,"caption":"VIRTUO"},"image":{"@id":"https:\/\/virtuo.sk\/#\/schema\/logo\/image\/"},"sameAs":["https:\/\/www.facebook.com\/VIRTUO-110604190736597\/","https:\/\/www.linkedin.com\/in\/martin-polak-a8589891\/","https:\/\/www.instagram.com\/virtuo.sk\/"]}]}},"_links":{"self":[{"href":"https:\/\/virtuo.sk\/en\/wp-json\/wp\/v2\/pages\/3152"}],"collection":[{"href":"https:\/\/virtuo.sk\/en\/wp-json\/wp\/v2\/pages"}],"about":[{"href":"https:\/\/virtuo.sk\/en\/wp-json\/wp\/v2\/types\/page"}],"author":[{"embeddable":true,"href":"https:\/\/virtuo.sk\/en\/wp-json\/wp\/v2\/users\/1"}],"replies":[{"embeddable":true,"href":"https:\/\/virtuo.sk\/en\/wp-json\/wp\/v2\/comments?post=3152"}],"version-history":[{"count":6,"href":"https:\/\/virtuo.sk\/en\/wp-json\/wp\/v2\/pages\/3152\/revisions"}],"predecessor-version":[{"id":3347,"href":"https:\/\/virtuo.sk\/en\/wp-json\/wp\/v2\/pages\/3152\/revisions\/3347"}],"wp:attachment":[{"href":"https:\/\/virtuo.sk\/en\/wp-json\/wp\/v2\/media?parent=3152"}],"curies":[{"name":"wp","href":"https:\/\/api.w.org\/{rel}","templated":true}]}}